{"id":206033,"date":"2019-01-22T09:34:37","date_gmt":"2019-01-22T09:34:37","guid":{"rendered":"http:\/\/camarahogarfactory.com\/tienda\/?post_type=product&#038;p=206033"},"modified":"2019-11-19T06:40:51","modified_gmt":"2019-11-19T06:40:51","slug":"dubai","status":"publish","type":"product","link":"https:\/\/camarahogarfactory.com\/tienda\/producto\/dubai\/","title":{"rendered":"Dubai"},"content":{"rendered":"","protected":false},"excerpt":{"rendered":"<p>Chaisse 290 cm, reclinable, desenfundable, canap\u00e9 y deslizante. Adem\u00e1s est\u00e1 disponible en 2 y 3 plazas, chaisse o rinconera\u00a0\u00a1Y en la medida que desee!<\/p>\n","protected":false},"featured_media":206034,"comment_status":"open","ping_status":"closed","template":"","meta":{"_et_pb_use_builder":"","_et_pb_old_content":"","_et_gb_content_width":""},"product_brand":[],"product_cat":[23,28,21],"product_tag":[],"class_list":{"0":"post-206033","1":"product","2":"type-product","3":"status-publish","4":"has-post-thumbnail","6":"product_cat-chaise-longue","7":"product_cat-rinconeras","8":"product_cat-sofas","10":"first","11":"instock","12":"shipping-taxable","13":"product-type-simple"},"_links":{"self":[{"href":"https:\/\/camarahogarfactory.com\/tienda\/wp-json\/wp\/v2\/product\/206033","targetHints":{"allow":["GET"]}}],"collection":[{"href":"https:\/\/camarahogarfactory.com\/tienda\/wp-json\/wp\/v2\/product"}],"about":[{"href":"https:\/\/camarahogarfactory.com\/tienda\/wp-json\/wp\/v2\/types\/product"}],"replies":[{"embeddable":true,"href":"https:\/\/camarahogarfactory.com\/tienda\/wp-json\/wp\/v2\/comments?post=206033"}],"wp:featuredmedia":[{"embeddable":true,"href":"https:\/\/camarahogarfactory.com\/tienda\/wp-json\/wp\/v2\/media\/206034"}],"wp:attachment":[{"href":"https:\/\/camarahogarfactory.com\/tienda\/wp-json\/wp\/v2\/media?parent=206033"}],"wp:term":[{"taxonomy":"product_brand","embeddable":true,"href":"https:\/\/camarahogarfactory.com\/tienda\/wp-json\/wp\/v2\/product_brand?post=206033"},{"taxonomy":"product_cat","embeddable":true,"href":"https:\/\/camarahogarfactory.com\/tienda\/wp-json\/wp\/v2\/product_cat?post=206033"},{"taxonomy":"product_tag","embeddable":true,"href":"https:\/\/camarahogarfactory.com\/tienda\/wp-json\/wp\/v2\/product_tag?post=206033"}],"curies":[{"name":"wp","href":"https:\/\/api.w.org\/{rel}","templated":true}]}}