{"id":206058,"date":"2019-01-22T09:45:01","date_gmt":"2019-01-22T09:45:01","guid":{"rendered":"http:\/\/camarahogarfactory.com\/tienda\/?post_type=product&#038;p=206058"},"modified":"2019-11-19T06:39:44","modified_gmt":"2019-11-19T06:39:44","slug":"montecarlo","status":"publish","type":"product","link":"https:\/\/camarahogarfactory.com\/tienda\/producto\/montecarlo\/","title":{"rendered":"Montecarlo"},"content":{"rendered":"","protected":false},"excerpt":{"rendered":"<p>Chaisse 280\/250\/220 cm, motorizado con motores nacionales y garant\u00eda, relax, pared cero y desenfundable. Adem\u00e1s est\u00e1 disponible en 2 y 3 plazas, chaisse o rinconera\u00a0\u00a1Y en la medida que desee!<\/p>\n","protected":false},"featured_media":206059,"comment_status":"open","ping_status":"closed","template":"","meta":{"_et_pb_use_builder":"","_et_pb_old_content":"","_et_gb_content_width":""},"product_brand":[],"product_cat":[23,28,21],"product_tag":[],"class_list":{"0":"post-206058","1":"product","2":"type-product","3":"status-publish","4":"has-post-thumbnail","6":"product_cat-chaise-longue","7":"product_cat-rinconeras","8":"product_cat-sofas","10":"first","11":"instock","12":"shipping-taxable","13":"product-type-simple"},"_links":{"self":[{"href":"https:\/\/camarahogarfactory.com\/tienda\/wp-json\/wp\/v2\/product\/206058","targetHints":{"allow":["GET"]}}],"collection":[{"href":"https:\/\/camarahogarfactory.com\/tienda\/wp-json\/wp\/v2\/product"}],"about":[{"href":"https:\/\/camarahogarfactory.com\/tienda\/wp-json\/wp\/v2\/types\/product"}],"replies":[{"embeddable":true,"href":"https:\/\/camarahogarfactory.com\/tienda\/wp-json\/wp\/v2\/comments?post=206058"}],"wp:featuredmedia":[{"embeddable":true,"href":"https:\/\/camarahogarfactory.com\/tienda\/wp-json\/wp\/v2\/media\/206059"}],"wp:attachment":[{"href":"https:\/\/camarahogarfactory.com\/tienda\/wp-json\/wp\/v2\/media?parent=206058"}],"wp:term":[{"taxonomy":"product_brand","embeddable":true,"href":"https:\/\/camarahogarfactory.com\/tienda\/wp-json\/wp\/v2\/product_brand?post=206058"},{"taxonomy":"product_cat","embeddable":true,"href":"https:\/\/camarahogarfactory.com\/tienda\/wp-json\/wp\/v2\/product_cat?post=206058"},{"taxonomy":"product_tag","embeddable":true,"href":"https:\/\/camarahogarfactory.com\/tienda\/wp-json\/wp\/v2\/product_tag?post=206058"}],"curies":[{"name":"wp","href":"https:\/\/api.w.org\/{rel}","templated":true}]}}