{"id":206392,"date":"2019-03-26T10:19:25","date_gmt":"2019-03-26T10:19:25","guid":{"rendered":"http:\/\/camarahogarfactory.com\/tienda\/?post_type=product&#038;p=206392"},"modified":"2019-06-01T17:10:32","modified_gmt":"2019-06-01T17:10:32","slug":"viscoelastica","status":"publish","type":"product","link":"https:\/\/camarahogarfactory.com\/tienda\/producto\/viscoelastica\/","title":{"rendered":"Viscoel\u00e1stica"},"content":{"rendered":"","protected":false},"excerpt":{"rendered":"<p>Visco STD: n\u00facleo viscoel\u00e1stica moldeada y perforada. Funda interior y exterior con tejido stretch.<\/p>\n<p>Visco Soja: n\u00facleo de viscoel\u00e1stica a base de soja moldeada y perforada. Funda interior y exterior con tejido stretch.<\/p>\n<p>Visco Carbono: n\u00facleo de viscoel\u00e1stica con carbono activo moldeado y perforado. Elimina olores y humedades. Funda interior y exterior con tejido Texfan m\u00e1s transpirable.<\/p>\n","protected":false},"featured_media":206380,"comment_status":"open","ping_status":"closed","template":"","meta":{"_et_pb_use_builder":"","_et_pb_old_content":"","_et_gb_content_width":""},"product_brand":[],"product_cat":[27,24],"product_tag":[],"class_list":{"0":"post-206392","1":"product","2":"type-product","3":"status-publish","4":"has-post-thumbnail","6":"product_cat-almohadas","7":"product_cat-dormitorio","9":"first","10":"instock","11":"shipping-taxable","12":"product-type-simple"},"_links":{"self":[{"href":"https:\/\/camarahogarfactory.com\/tienda\/wp-json\/wp\/v2\/product\/206392","targetHints":{"allow":["GET"]}}],"collection":[{"href":"https:\/\/camarahogarfactory.com\/tienda\/wp-json\/wp\/v2\/product"}],"about":[{"href":"https:\/\/camarahogarfactory.com\/tienda\/wp-json\/wp\/v2\/types\/product"}],"replies":[{"embeddable":true,"href":"https:\/\/camarahogarfactory.com\/tienda\/wp-json\/wp\/v2\/comments?post=206392"}],"wp:featuredmedia":[{"embeddable":true,"href":"https:\/\/camarahogarfactory.com\/tienda\/wp-json\/wp\/v2\/media\/206380"}],"wp:attachment":[{"href":"https:\/\/camarahogarfactory.com\/tienda\/wp-json\/wp\/v2\/media?parent=206392"}],"wp:term":[{"taxonomy":"product_brand","embeddable":true,"href":"https:\/\/camarahogarfactory.com\/tienda\/wp-json\/wp\/v2\/product_brand?post=206392"},{"taxonomy":"product_cat","embeddable":true,"href":"https:\/\/camarahogarfactory.com\/tienda\/wp-json\/wp\/v2\/product_cat?post=206392"},{"taxonomy":"product_tag","embeddable":true,"href":"https:\/\/camarahogarfactory.com\/tienda\/wp-json\/wp\/v2\/product_tag?post=206392"}],"curies":[{"name":"wp","href":"https:\/\/api.w.org\/{rel}","templated":true}]}}