{"id":206393,"date":"2019-03-26T10:20:24","date_gmt":"2019-03-26T10:20:24","guid":{"rendered":"http:\/\/camarahogarfactory.com\/tienda\/?post_type=product&#038;p=206393"},"modified":"2019-06-01T17:12:59","modified_gmt":"2019-06-01T17:12:59","slug":"cervical-y-latex","status":"publish","type":"product","link":"https:\/\/camarahogarfactory.com\/tienda\/producto\/cervical-y-latex\/","title":{"rendered":"Cervical y latex"},"content":{"rendered":"","protected":false},"excerpt":{"rendered":"<p>Cervical: n\u00facleo viscoel\u00e1stica moldeada. Funda interior y exterior con tejido stretch y laterales en Texfan para aumentar la transpirabilidad.<\/p>\n<p>L\u00e1tex: N\u00facleo de l\u00e1tex moldeado y perforado. Funda interior y exterior con tejido stretch.<\/p>\n<p>Microfibra: Relleno de copos de microfibra y doble funda.<\/p>\n<p>Fibra hueca: Relleno de fibra hueca siliconada.<\/p>\n","protected":false},"featured_media":206381,"comment_status":"open","ping_status":"closed","template":"","meta":{"_et_pb_use_builder":"","_et_pb_old_content":"","_et_gb_content_width":""},"product_brand":[],"product_cat":[27,24],"product_tag":[],"class_list":{"0":"post-206393","1":"product","2":"type-product","3":"status-publish","4":"has-post-thumbnail","6":"product_cat-almohadas","7":"product_cat-dormitorio","9":"first","10":"instock","11":"shipping-taxable","12":"product-type-simple"},"_links":{"self":[{"href":"https:\/\/camarahogarfactory.com\/tienda\/wp-json\/wp\/v2\/product\/206393","targetHints":{"allow":["GET"]}}],"collection":[{"href":"https:\/\/camarahogarfactory.com\/tienda\/wp-json\/wp\/v2\/product"}],"about":[{"href":"https:\/\/camarahogarfactory.com\/tienda\/wp-json\/wp\/v2\/types\/product"}],"replies":[{"embeddable":true,"href":"https:\/\/camarahogarfactory.com\/tienda\/wp-json\/wp\/v2\/comments?post=206393"}],"wp:featuredmedia":[{"embeddable":true,"href":"https:\/\/camarahogarfactory.com\/tienda\/wp-json\/wp\/v2\/media\/206381"}],"wp:attachment":[{"href":"https:\/\/camarahogarfactory.com\/tienda\/wp-json\/wp\/v2\/media?parent=206393"}],"wp:term":[{"taxonomy":"product_brand","embeddable":true,"href":"https:\/\/camarahogarfactory.com\/tienda\/wp-json\/wp\/v2\/product_brand?post=206393"},{"taxonomy":"product_cat","embeddable":true,"href":"https:\/\/camarahogarfactory.com\/tienda\/wp-json\/wp\/v2\/product_cat?post=206393"},{"taxonomy":"product_tag","embeddable":true,"href":"https:\/\/camarahogarfactory.com\/tienda\/wp-json\/wp\/v2\/product_tag?post=206393"}],"curies":[{"name":"wp","href":"https:\/\/api.w.org\/{rel}","templated":true}]}}