{"id":206583,"date":"2019-07-02T11:35:31","date_gmt":"2019-07-02T11:35:31","guid":{"rendered":"http:\/\/camarahogarfactory.com\/tienda\/?post_type=product&#038;p=206583"},"modified":"2019-07-02T11:35:31","modified_gmt":"2019-07-02T11:35:31","slug":"bita","status":"publish","type":"product","link":"https:\/\/camarahogarfactory.com\/tienda\/producto\/bita\/","title":{"rendered":"Bita"},"content":{"rendered":"","protected":false},"excerpt":{"rendered":"<p>Bita tiene los planos de articulaci\u00f3n reforzados para un funcionamiento \u00f3ptimo y alta resistencia para soportar el peso cuando el plano de articulaci\u00f3n de los pies est\u00e1 elevado, as\u00ed como una estructura en abedul contrachapado con papel melam\u00ednico 70&#215;25 cm y un lecho en tubo de acero 30&#215;20 mm esmaltado en Epoxi termoedurecido. A esto le a\u00f1adimos 22 lamas de madera natural de haya contrachapada flexible con recubrimiento en papel alum\u00ednico grabada, montadas sobre un soporte Hytrel oscilantes dobles que ofrecen elasticidad y resistencia a la deformaci\u00f3n. Tambi\u00e9n cuenta con 5 planos articulados por motor doble con mando inal\u00e1mbrico y un plano lumbar fijo que incorpora doble lama y cursores para la regulaci\u00f3n de firmeza. Juego de patas en madera de haya o met\u00e1licas.<\/p>\n","protected":false},"featured_media":206561,"comment_status":"open","ping_status":"closed","template":"","meta":{"_et_pb_use_builder":"","_et_pb_old_content":"","_et_gb_content_width":""},"product_brand":[],"product_cat":[24,31],"product_tag":[],"class_list":{"0":"post-206583","1":"product","2":"type-product","3":"status-publish","4":"has-post-thumbnail","6":"product_cat-dormitorio","7":"product_cat-somier","9":"first","10":"instock","11":"shipping-taxable","12":"product-type-simple"},"_links":{"self":[{"href":"https:\/\/camarahogarfactory.com\/tienda\/wp-json\/wp\/v2\/product\/206583","targetHints":{"allow":["GET"]}}],"collection":[{"href":"https:\/\/camarahogarfactory.com\/tienda\/wp-json\/wp\/v2\/product"}],"about":[{"href":"https:\/\/camarahogarfactory.com\/tienda\/wp-json\/wp\/v2\/types\/product"}],"replies":[{"embeddable":true,"href":"https:\/\/camarahogarfactory.com\/tienda\/wp-json\/wp\/v2\/comments?post=206583"}],"wp:featuredmedia":[{"embeddable":true,"href":"https:\/\/camarahogarfactory.com\/tienda\/wp-json\/wp\/v2\/media\/206561"}],"wp:attachment":[{"href":"https:\/\/camarahogarfactory.com\/tienda\/wp-json\/wp\/v2\/media?parent=206583"}],"wp:term":[{"taxonomy":"product_brand","embeddable":true,"href":"https:\/\/camarahogarfactory.com\/tienda\/wp-json\/wp\/v2\/product_brand?post=206583"},{"taxonomy":"product_cat","embeddable":true,"href":"https:\/\/camarahogarfactory.com\/tienda\/wp-json\/wp\/v2\/product_cat?post=206583"},{"taxonomy":"product_tag","embeddable":true,"href":"https:\/\/camarahogarfactory.com\/tienda\/wp-json\/wp\/v2\/product_tag?post=206583"}],"curies":[{"name":"wp","href":"https:\/\/api.w.org\/{rel}","templated":true}]}}