{"id":206594,"date":"2019-09-18T16:20:46","date_gmt":"2019-09-18T16:20:46","guid":{"rendered":"http:\/\/camarahogarfactory.com\/tienda\/?post_type=product&#038;p=206594"},"modified":"2019-09-18T16:20:46","modified_gmt":"2019-09-18T16:20:46","slug":"bassic","status":"publish","type":"product","link":"https:\/\/camarahogarfactory.com\/tienda\/producto\/bassic\/","title":{"rendered":"Bassic"},"content":{"rendered":"","protected":false},"excerpt":{"rendered":"<p>Nuestro somier Bassic tiene el bastidor fabricado en tubo de acero 40&#215;30 mm esmaltado en Epoxi termoendurecido, esquinas redondeadas para adaptarse a la perfecci\u00f3n a la forma del colch\u00f3n y evitar lesiones, lecho de 24 lamas contrachapadas flexible con recubrimiento en papel alum\u00ednico grabada, lamas montadas sobre soporte TPU y cursores para la regulaci\u00f3n de firmeza en la zona lumbar compuesta por doble lama.<\/p>\n","protected":false},"featured_media":206560,"comment_status":"open","ping_status":"closed","template":"","meta":{"_et_pb_use_builder":"","_et_pb_old_content":"","_et_gb_content_width":""},"product_brand":[],"product_cat":[24,31],"product_tag":[],"class_list":{"0":"post-206594","1":"product","2":"type-product","3":"status-publish","4":"has-post-thumbnail","6":"product_cat-dormitorio","7":"product_cat-somier","9":"first","10":"instock","11":"shipping-taxable","12":"product-type-simple"},"_links":{"self":[{"href":"https:\/\/camarahogarfactory.com\/tienda\/wp-json\/wp\/v2\/product\/206594","targetHints":{"allow":["GET"]}}],"collection":[{"href":"https:\/\/camarahogarfactory.com\/tienda\/wp-json\/wp\/v2\/product"}],"about":[{"href":"https:\/\/camarahogarfactory.com\/tienda\/wp-json\/wp\/v2\/types\/product"}],"replies":[{"embeddable":true,"href":"https:\/\/camarahogarfactory.com\/tienda\/wp-json\/wp\/v2\/comments?post=206594"}],"wp:featuredmedia":[{"embeddable":true,"href":"https:\/\/camarahogarfactory.com\/tienda\/wp-json\/wp\/v2\/media\/206560"}],"wp:attachment":[{"href":"https:\/\/camarahogarfactory.com\/tienda\/wp-json\/wp\/v2\/media?parent=206594"}],"wp:term":[{"taxonomy":"product_brand","embeddable":true,"href":"https:\/\/camarahogarfactory.com\/tienda\/wp-json\/wp\/v2\/product_brand?post=206594"},{"taxonomy":"product_cat","embeddable":true,"href":"https:\/\/camarahogarfactory.com\/tienda\/wp-json\/wp\/v2\/product_cat?post=206594"},{"taxonomy":"product_tag","embeddable":true,"href":"https:\/\/camarahogarfactory.com\/tienda\/wp-json\/wp\/v2\/product_tag?post=206594"}],"curies":[{"name":"wp","href":"https:\/\/api.w.org\/{rel}","templated":true}]}}