{"id":206599,"date":"2019-09-18T16:49:49","date_gmt":"2019-09-18T16:49:49","guid":{"rendered":"http:\/\/camarahogarfactory.com\/tienda\/?post_type=product&#038;p=206599"},"modified":"2019-09-18T16:49:49","modified_gmt":"2019-09-18T16:49:49","slug":"alzheimer","status":"publish","type":"product","link":"https:\/\/camarahogarfactory.com\/tienda\/producto\/alzheimer\/","title":{"rendered":"Alzheimer"},"content":{"rendered":"","protected":false},"excerpt":{"rendered":"<p>Lecho de descanso de 4 planos y 3 articulaciones de regulaci\u00f3n el\u00e9ctrica, con lamas de confort de diferentes flexibilidades. Lecho de 30&#215;20 mm con 24 lamas de madera de haya sobre soportes basculantes de caucho, cabecero y piecero en color madera, de fibra MDF. Barandilla de madera con sistema plegable y elevaci\u00f3n el\u00e9ctrica horizontal entre 22 y 77 cm. Elevaciones Trend y Anti-Trendelemburg hasta 11\u00ba. Espacio inferior bajo la cama libre de cualquier obst\u00e1culo. Ruedas de alta calidad de 100 mm con frenos independientes. Estructura de acero recubierta en Epoxi. Medidas exteriores 1040&#215;2230 mm. Medidas colch\u00f3n 90&#215;190 cm. Peso m\u00e1ximo 135 kg. Carga m\u00e1xima soportada en funcionamiento 170 kg.<\/p>\n","protected":false},"featured_media":206555,"comment_status":"open","ping_status":"closed","template":"","meta":{"_et_pb_use_builder":"","_et_pb_old_content":"","_et_gb_content_width":""},"product_brand":[],"product_cat":[24,31],"product_tag":[],"class_list":{"0":"post-206599","1":"product","2":"type-product","3":"status-publish","4":"has-post-thumbnail","6":"product_cat-dormitorio","7":"product_cat-somier","9":"first","10":"instock","11":"shipping-taxable","12":"product-type-simple"},"_links":{"self":[{"href":"https:\/\/camarahogarfactory.com\/tienda\/wp-json\/wp\/v2\/product\/206599","targetHints":{"allow":["GET"]}}],"collection":[{"href":"https:\/\/camarahogarfactory.com\/tienda\/wp-json\/wp\/v2\/product"}],"about":[{"href":"https:\/\/camarahogarfactory.com\/tienda\/wp-json\/wp\/v2\/types\/product"}],"replies":[{"embeddable":true,"href":"https:\/\/camarahogarfactory.com\/tienda\/wp-json\/wp\/v2\/comments?post=206599"}],"wp:featuredmedia":[{"embeddable":true,"href":"https:\/\/camarahogarfactory.com\/tienda\/wp-json\/wp\/v2\/media\/206555"}],"wp:attachment":[{"href":"https:\/\/camarahogarfactory.com\/tienda\/wp-json\/wp\/v2\/media?parent=206599"}],"wp:term":[{"taxonomy":"product_brand","embeddable":true,"href":"https:\/\/camarahogarfactory.com\/tienda\/wp-json\/wp\/v2\/product_brand?post=206599"},{"taxonomy":"product_cat","embeddable":true,"href":"https:\/\/camarahogarfactory.com\/tienda\/wp-json\/wp\/v2\/product_cat?post=206599"},{"taxonomy":"product_tag","embeddable":true,"href":"https:\/\/camarahogarfactory.com\/tienda\/wp-json\/wp\/v2\/product_tag?post=206599"}],"curies":[{"name":"wp","href":"https:\/\/api.w.org\/{rel}","templated":true}]}}