{"id":206691,"date":"2019-10-08T05:50:45","date_gmt":"2019-10-08T05:50:45","guid":{"rendered":"http:\/\/camarahogarfactory.com\/tienda\/?post_type=product&#038;p=206691"},"modified":"2020-08-12T11:27:52","modified_gmt":"2020-08-12T11:27:52","slug":"beethoven","status":"publish","type":"product","link":"https:\/\/camarahogarfactory.com\/tienda\/producto\/beethoven\/","title":{"rendered":"Beethoven"},"content":{"rendered":"","protected":false},"excerpt":{"rendered":"<p>Canap\u00e9 de madera con 5 cajones (1 caj\u00f3n frontal, 2 grandes y 2 peque\u00f1os)<br \/>\nEstructura fabricada en madera maciza de pino chileno, con tablero contrachapado en chapa natural de pino.<br \/>\nTapa del tablero desnudo de 16 mm de grueso con perforaciones para mejorar la circulaci\u00f3n del aire y tapizado en 3D.<br \/>\nAltura total del canap\u00e9 36,5 cm<br \/>\nAltura interior cajones 21,5 cm<br \/>\nColores disponibles: Nogal, Cerezo y Wengue<\/p>\n","protected":false},"featured_media":206693,"comment_status":"open","ping_status":"closed","template":"","meta":{"_et_pb_use_builder":"","_et_pb_old_content":"","_et_gb_content_width":""},"product_brand":[],"product_cat":[24,31],"product_tag":[],"class_list":{"0":"post-206691","1":"product","2":"type-product","3":"status-publish","4":"has-post-thumbnail","6":"product_cat-dormitorio","7":"product_cat-somier","9":"first","10":"instock","11":"shipping-taxable","12":"product-type-simple"},"_links":{"self":[{"href":"https:\/\/camarahogarfactory.com\/tienda\/wp-json\/wp\/v2\/product\/206691","targetHints":{"allow":["GET"]}}],"collection":[{"href":"https:\/\/camarahogarfactory.com\/tienda\/wp-json\/wp\/v2\/product"}],"about":[{"href":"https:\/\/camarahogarfactory.com\/tienda\/wp-json\/wp\/v2\/types\/product"}],"replies":[{"embeddable":true,"href":"https:\/\/camarahogarfactory.com\/tienda\/wp-json\/wp\/v2\/comments?post=206691"}],"wp:featuredmedia":[{"embeddable":true,"href":"https:\/\/camarahogarfactory.com\/tienda\/wp-json\/wp\/v2\/media\/206693"}],"wp:attachment":[{"href":"https:\/\/camarahogarfactory.com\/tienda\/wp-json\/wp\/v2\/media?parent=206691"}],"wp:term":[{"taxonomy":"product_brand","embeddable":true,"href":"https:\/\/camarahogarfactory.com\/tienda\/wp-json\/wp\/v2\/product_brand?post=206691"},{"taxonomy":"product_cat","embeddable":true,"href":"https:\/\/camarahogarfactory.com\/tienda\/wp-json\/wp\/v2\/product_cat?post=206691"},{"taxonomy":"product_tag","embeddable":true,"href":"https:\/\/camarahogarfactory.com\/tienda\/wp-json\/wp\/v2\/product_tag?post=206691"}],"curies":[{"name":"wp","href":"https:\/\/api.w.org\/{rel}","templated":true}]}}