{"id":206708,"date":"2019-10-22T06:02:49","date_gmt":"2019-10-22T06:02:49","guid":{"rendered":"http:\/\/camarahogarfactory.com\/tienda\/?post_type=product&#038;p=206708"},"modified":"2019-11-12T06:57:50","modified_gmt":"2019-11-12T06:57:50","slug":"base-tapizada","status":"publish","type":"product","link":"https:\/\/camarahogarfactory.com\/tienda\/producto\/base-tapizada\/","title":{"rendered":"Base tapizada"},"content":{"rendered":"","protected":false},"excerpt":{"rendered":"<p>Estructura interior met\u00e1lica de tubo acerado 30x30x1 con 5 travesa\u00f1os de refuerzo. Tablero de madera. Sistema de v\u00e1lvulas de aireaci\u00f3n (opcional). Tejido 3D disponible en blanco, gris, beige y chocolate. Juego de patas opcional.<\/p>\n","protected":false},"featured_media":206709,"comment_status":"open","ping_status":"closed","template":"","meta":{"_et_pb_use_builder":"","_et_pb_old_content":"","_et_gb_content_width":""},"product_brand":[],"product_cat":[24,31],"product_tag":[],"class_list":{"0":"post-206708","1":"product","2":"type-product","3":"status-publish","4":"has-post-thumbnail","6":"product_cat-dormitorio","7":"product_cat-somier","9":"first","10":"instock","11":"shipping-taxable","12":"product-type-simple"},"_links":{"self":[{"href":"https:\/\/camarahogarfactory.com\/tienda\/wp-json\/wp\/v2\/product\/206708","targetHints":{"allow":["GET"]}}],"collection":[{"href":"https:\/\/camarahogarfactory.com\/tienda\/wp-json\/wp\/v2\/product"}],"about":[{"href":"https:\/\/camarahogarfactory.com\/tienda\/wp-json\/wp\/v2\/types\/product"}],"replies":[{"embeddable":true,"href":"https:\/\/camarahogarfactory.com\/tienda\/wp-json\/wp\/v2\/comments?post=206708"}],"wp:featuredmedia":[{"embeddable":true,"href":"https:\/\/camarahogarfactory.com\/tienda\/wp-json\/wp\/v2\/media\/206709"}],"wp:attachment":[{"href":"https:\/\/camarahogarfactory.com\/tienda\/wp-json\/wp\/v2\/media?parent=206708"}],"wp:term":[{"taxonomy":"product_brand","embeddable":true,"href":"https:\/\/camarahogarfactory.com\/tienda\/wp-json\/wp\/v2\/product_brand?post=206708"},{"taxonomy":"product_cat","embeddable":true,"href":"https:\/\/camarahogarfactory.com\/tienda\/wp-json\/wp\/v2\/product_cat?post=206708"},{"taxonomy":"product_tag","embeddable":true,"href":"https:\/\/camarahogarfactory.com\/tienda\/wp-json\/wp\/v2\/product_tag?post=206708"}],"curies":[{"name":"wp","href":"https:\/\/api.w.org\/{rel}","templated":true}]}}