{"id":206785,"date":"2019-12-12T07:28:54","date_gmt":"2019-12-12T07:28:54","guid":{"rendered":"https:\/\/camarahogarfactory.com\/tienda\/?post_type=product&#038;p=206785"},"modified":"2019-12-12T07:42:01","modified_gmt":"2019-12-12T07:42:01","slug":"pluton","status":"publish","type":"product","link":"https:\/\/camarahogarfactory.com\/tienda\/producto\/pluton\/","title":{"rendered":"Pluton"},"content":{"rendered":"","protected":false},"excerpt":{"rendered":"<p>Plut\u00f3n es un relax con elevador, ruedas, motor nacional, tratamiento antiescaras y desenfundable 100%. Est\u00e1 adem\u00e1s disponible en la tela y color que desee.<\/p>\n","protected":false},"featured_media":206790,"comment_status":"open","ping_status":"closed","template":"","meta":{"_et_pb_use_builder":"","_et_pb_old_content":"","_et_gb_content_width":""},"product_brand":[],"product_cat":[22],"product_tag":[],"class_list":{"0":"post-206785","1":"product","2":"type-product","3":"status-publish","4":"has-post-thumbnail","6":"product_cat-relax","8":"first","9":"instock","10":"shipping-taxable","11":"product-type-simple"},"_links":{"self":[{"href":"https:\/\/camarahogarfactory.com\/tienda\/wp-json\/wp\/v2\/product\/206785","targetHints":{"allow":["GET"]}}],"collection":[{"href":"https:\/\/camarahogarfactory.com\/tienda\/wp-json\/wp\/v2\/product"}],"about":[{"href":"https:\/\/camarahogarfactory.com\/tienda\/wp-json\/wp\/v2\/types\/product"}],"replies":[{"embeddable":true,"href":"https:\/\/camarahogarfactory.com\/tienda\/wp-json\/wp\/v2\/comments?post=206785"}],"wp:featuredmedia":[{"embeddable":true,"href":"https:\/\/camarahogarfactory.com\/tienda\/wp-json\/wp\/v2\/media\/206790"}],"wp:attachment":[{"href":"https:\/\/camarahogarfactory.com\/tienda\/wp-json\/wp\/v2\/media?parent=206785"}],"wp:term":[{"taxonomy":"product_brand","embeddable":true,"href":"https:\/\/camarahogarfactory.com\/tienda\/wp-json\/wp\/v2\/product_brand?post=206785"},{"taxonomy":"product_cat","embeddable":true,"href":"https:\/\/camarahogarfactory.com\/tienda\/wp-json\/wp\/v2\/product_cat?post=206785"},{"taxonomy":"product_tag","embeddable":true,"href":"https:\/\/camarahogarfactory.com\/tienda\/wp-json\/wp\/v2\/product_tag?post=206785"}],"curies":[{"name":"wp","href":"https:\/\/api.w.org\/{rel}","templated":true}]}}