{"id":206870,"date":"2020-07-22T10:31:26","date_gmt":"2020-07-22T10:31:26","guid":{"rendered":"https:\/\/camarahogarfactory.com\/tienda\/?post_type=product&#038;p=206870"},"modified":"2020-07-22T10:31:26","modified_gmt":"2020-07-22T10:31:26","slug":"cama-hospitalaria","status":"publish","type":"product","link":"https:\/\/camarahogarfactory.com\/tienda\/producto\/cama-hospitalaria\/","title":{"rendered":"Cama Hospitalaria"},"content":{"rendered":"","protected":false},"excerpt":{"rendered":"<p>Colch\u00f3n electrobiol\u00f3gico de 20 cm y n\u00facleo central HR de alta resiliencia y viscoel\u00e1stica a una cara pegada al n\u00facleo.<\/p>\n<p>La cama, por su parte, cuenta con un bastidor de tubo acerado 60&#215;20 y 4 planos de articulaci\u00f3n, un sistema de elevaci\u00f3n regulable mediante motor el\u00e9ctrico, 2 motores independientes regidos por un \u00fanico mando, 4 ruedas giratorias con arco de goma gris (2 con freno) resistente a 100 kg. Tacos para lamas de 53&#215;8 y pintura epoxi de secado al horno.<\/p>\n","protected":false},"featured_media":206863,"comment_status":"open","ping_status":"closed","template":"","meta":{"_et_pb_use_builder":"","_et_pb_old_content":"","_et_gb_content_width":""},"product_brand":[],"product_cat":[24,31],"product_tag":[],"class_list":{"0":"post-206870","1":"product","2":"type-product","3":"status-publish","4":"has-post-thumbnail","6":"product_cat-dormitorio","7":"product_cat-somier","9":"first","10":"instock","11":"shipping-taxable","12":"product-type-simple"},"_links":{"self":[{"href":"https:\/\/camarahogarfactory.com\/tienda\/wp-json\/wp\/v2\/product\/206870","targetHints":{"allow":["GET"]}}],"collection":[{"href":"https:\/\/camarahogarfactory.com\/tienda\/wp-json\/wp\/v2\/product"}],"about":[{"href":"https:\/\/camarahogarfactory.com\/tienda\/wp-json\/wp\/v2\/types\/product"}],"replies":[{"embeddable":true,"href":"https:\/\/camarahogarfactory.com\/tienda\/wp-json\/wp\/v2\/comments?post=206870"}],"wp:featuredmedia":[{"embeddable":true,"href":"https:\/\/camarahogarfactory.com\/tienda\/wp-json\/wp\/v2\/media\/206863"}],"wp:attachment":[{"href":"https:\/\/camarahogarfactory.com\/tienda\/wp-json\/wp\/v2\/media?parent=206870"}],"wp:term":[{"taxonomy":"product_brand","embeddable":true,"href":"https:\/\/camarahogarfactory.com\/tienda\/wp-json\/wp\/v2\/product_brand?post=206870"},{"taxonomy":"product_cat","embeddable":true,"href":"https:\/\/camarahogarfactory.com\/tienda\/wp-json\/wp\/v2\/product_cat?post=206870"},{"taxonomy":"product_tag","embeddable":true,"href":"https:\/\/camarahogarfactory.com\/tienda\/wp-json\/wp\/v2\/product_tag?post=206870"}],"curies":[{"name":"wp","href":"https:\/\/api.w.org\/{rel}","templated":true}]}}