{"id":206945,"date":"2020-09-09T11:01:19","date_gmt":"2020-09-09T11:01:19","guid":{"rendered":"https:\/\/camarahogarfactory.com\/tienda\/?post_type=product&#038;p=206945"},"modified":"2020-09-09T11:01:19","modified_gmt":"2020-09-09T11:01:19","slug":"alava","status":"publish","type":"product","link":"https:\/\/camarahogarfactory.com\/tienda\/producto\/alava\/","title":{"rendered":"\u00c1lava"},"content":{"rendered":"","protected":false},"excerpt":{"rendered":"<p>\u00c1lava tiene armaz\u00f3n de pino gallego y costados de tablero de part\u00edculas, Bastidor de cinchas tipo Nea, patas de PVC de gran resistencia cromadas y metalizadas, asientos de goma espuma suave, respaldos y brazos de fibra de poliester siliconada y ahuecada. Desenfundable asientos, respaldos y brazos. Disponible en relax, sof\u00e1, chaisse y rinconera y en la medida y tela que se desee.<\/p>\n","protected":false},"featured_media":206947,"comment_status":"open","ping_status":"closed","template":"","meta":{"_et_pb_use_builder":"","_et_pb_old_content":"","_et_gb_content_width":""},"product_brand":[],"product_cat":[22],"product_tag":[],"class_list":{"0":"post-206945","1":"product","2":"type-product","3":"status-publish","4":"has-post-thumbnail","6":"product_cat-relax","8":"first","9":"instock","10":"shipping-taxable","11":"product-type-simple"},"_links":{"self":[{"href":"https:\/\/camarahogarfactory.com\/tienda\/wp-json\/wp\/v2\/product\/206945","targetHints":{"allow":["GET"]}}],"collection":[{"href":"https:\/\/camarahogarfactory.com\/tienda\/wp-json\/wp\/v2\/product"}],"about":[{"href":"https:\/\/camarahogarfactory.com\/tienda\/wp-json\/wp\/v2\/types\/product"}],"replies":[{"embeddable":true,"href":"https:\/\/camarahogarfactory.com\/tienda\/wp-json\/wp\/v2\/comments?post=206945"}],"wp:featuredmedia":[{"embeddable":true,"href":"https:\/\/camarahogarfactory.com\/tienda\/wp-json\/wp\/v2\/media\/206947"}],"wp:attachment":[{"href":"https:\/\/camarahogarfactory.com\/tienda\/wp-json\/wp\/v2\/media?parent=206945"}],"wp:term":[{"taxonomy":"product_brand","embeddable":true,"href":"https:\/\/camarahogarfactory.com\/tienda\/wp-json\/wp\/v2\/product_brand?post=206945"},{"taxonomy":"product_cat","embeddable":true,"href":"https:\/\/camarahogarfactory.com\/tienda\/wp-json\/wp\/v2\/product_cat?post=206945"},{"taxonomy":"product_tag","embeddable":true,"href":"https:\/\/camarahogarfactory.com\/tienda\/wp-json\/wp\/v2\/product_tag?post=206945"}],"curies":[{"name":"wp","href":"https:\/\/api.w.org\/{rel}","templated":true}]}}