{"id":207246,"date":"2026-04-17T21:46:51","date_gmt":"2026-04-17T21:46:51","guid":{"rendered":"https:\/\/camarahogarfactory.com\/tienda\/producto\/adriatico\/"},"modified":"2026-04-17T22:08:31","modified_gmt":"2026-04-17T22:08:31","slug":"adriatico","status":"publish","type":"product","link":"https:\/\/camarahogarfactory.com\/tienda\/producto\/adriatico\/","title":{"rendered":"Adri\u00e1tico"},"content":{"rendered":"<p>Nuestro sof\u00e1 Adri\u00e1tico es la comodidad materializada.<\/p>\n<p>Se trata de un sof\u00e1 relax que te arropar\u00e1 y har\u00e1 que tus sesiones de descanso sean tu parte favorita del d\u00eda.<\/p>\n<p>Desc\u00fabrelo y conv\u00e9ncete por ti mismo de que es el sof\u00e1 perfecto para tu hogar.<\/p>\n","protected":false},"excerpt":{"rendered":"<p>Nuestro sof\u00e1 Adri\u00e1tico es la comodidad materializada.<\/p>\n","protected":false},"featured_media":207245,"comment_status":"open","ping_status":"closed","template":"","meta":{"_et_pb_use_builder":"","_et_pb_old_content":"","_et_gb_content_width":""},"product_brand":[],"product_cat":[21,35],"product_tag":[],"class_list":{"0":"post-207246","1":"product","2":"type-product","3":"status-publish","4":"has-post-thumbnail","6":"product_cat-sofas","7":"product_cat-sofas-2","9":"first","10":"instock","11":"shipping-taxable","12":"product-type-simple"},"_links":{"self":[{"href":"https:\/\/camarahogarfactory.com\/tienda\/wp-json\/wp\/v2\/product\/207246","targetHints":{"allow":["GET"]}}],"collection":[{"href":"https:\/\/camarahogarfactory.com\/tienda\/wp-json\/wp\/v2\/product"}],"about":[{"href":"https:\/\/camarahogarfactory.com\/tienda\/wp-json\/wp\/v2\/types\/product"}],"replies":[{"embeddable":true,"href":"https:\/\/camarahogarfactory.com\/tienda\/wp-json\/wp\/v2\/comments?post=207246"}],"wp:featuredmedia":[{"embeddable":true,"href":"https:\/\/camarahogarfactory.com\/tienda\/wp-json\/wp\/v2\/media\/207245"}],"wp:attachment":[{"href":"https:\/\/camarahogarfactory.com\/tienda\/wp-json\/wp\/v2\/media?parent=207246"}],"wp:term":[{"taxonomy":"product_brand","embeddable":true,"href":"https:\/\/camarahogarfactory.com\/tienda\/wp-json\/wp\/v2\/product_brand?post=207246"},{"taxonomy":"product_cat","embeddable":true,"href":"https:\/\/camarahogarfactory.com\/tienda\/wp-json\/wp\/v2\/product_cat?post=207246"},{"taxonomy":"product_tag","embeddable":true,"href":"https:\/\/camarahogarfactory.com\/tienda\/wp-json\/wp\/v2\/product_tag?post=207246"}],"curies":[{"name":"wp","href":"https:\/\/api.w.org\/{rel}","templated":true}]}}